{"id":572,"date":"2018-10-21T14:54:52","date_gmt":"2018-10-21T12:54:52","guid":{"rendered":"https:\/\/ceccararad.ro\/ro\/?page_id=572"},"modified":"2024-05-29T14:00:55","modified_gmt":"2024-05-29T12:00:55","slug":"ex-de-acces-la-stagiu","status":"publish","type":"page","link":"https:\/\/ceccarsalaj.ro\/ro\/membri\/cum-devin-membru-ceccar\/ex-de-acces-la-stagiu\/","title":{"rendered":"Examenul de acces la stagiu"},"content":{"rendered":"<section   class=\"fw-main-row  auto  fw-section-position-back\"    >\n\t\t\t<div class=\"fw-container\" >\n\t\t<div class=\"fw-row\">\n\t<div id=\"column-69e05c26dd7d9\" class=\"fw-col-sm-12 tf-sh-4bf7de7076824fb4c351a6d1039d0743\" >\n\t<div class=\"fw-wrap-col-inner clearfix  \"   >\n\t\t\t\t<div class=\"fw-col-inner\">\n\t\t\t<div class=\"fw-text-box tf-sh-b4a496c23a94b122350f1c9e2210e50c \" >\n\t<div class=\"fw-text-inner\">\n\t\t<p><strong><span style=\"font-size: 12pt;\">Examenul de acces la stagiu<\/span><\/strong><\/p>\n\t<\/div>\n<\/div><div class=\"fw-divider-space space-sm  clearfix\"  ><\/div><div class=\"tf-sh-435841a89aa1e8b5e1a52a967d0eb145 fw-tabs fw-tabs-minimal fw-tabs-top \" >\n\t<ul class=\"nav nav-tabs nav-justified\">\n\t\t\t\t\t<li class=\"active\">\n\t\t\t\t<a href=\"#tab-cont-435841a89aa1e8b5e1a52a967d0eb145-1\" data-toggle=\"tab\">\n\t\t\t\t\t\n\t\t\t\t\t\t\t\t\t\t<span>Anun\u0163uri \u015fi nout\u0103\u0163i<\/span>\n\t\t\t\t<\/a>\n\t\t\t<\/li>\n\t\t\t\t\t\t\t\t<li >\n\t\t\t\t<a href=\"#tab-cont-435841a89aa1e8b5e1a52a967d0eb145-2\" data-toggle=\"tab\">\n\t\t\t\t\t\n\t\t\t\t\t\t\t\t\t\t<span>Regulament privind accesul la profesia de expert contabil \u015fi de contabil autorizat<\/span>\n\t\t\t\t<\/a>\n\t\t\t<\/li>\n\t\t\t\t\t\t\t\t<li >\n\t\t\t\t<a href=\"#tab-cont-435841a89aa1e8b5e1a52a967d0eb145-3\" data-toggle=\"tab\">\n\t\t\t\t\t\n\t\t\t\t\t\t\t\t\t\t<span>Programa aferent\u0103 examenului de acces la stagiu<\/span>\n\t\t\t\t<\/a>\n\t\t\t<\/li>\n\t\t\t\t\t\t\t\t<li >\n\t\t\t\t<a href=\"#tab-cont-435841a89aa1e8b5e1a52a967d0eb145-4\" data-toggle=\"tab\">\n\t\t\t\t\t\n\t\t\t\t\t\t\t\t\t\t<span>Dosarul de \u00eenscriere la examenul de acces la stagiu<\/span>\n\t\t\t\t<\/a>\n\t\t\t<\/li>\n\t\t\t\t\t\t\t\t<li >\n\t\t\t\t<a href=\"#tab-cont-435841a89aa1e8b5e1a52a967d0eb145-5\" data-toggle=\"tab\">\n\t\t\t\t\t\n\t\t\t\t\t\t\t\t\t\t<span>Sesiuni de examen de acces la stagiu<\/span>\n\t\t\t\t<\/a>\n\t\t\t<\/li>\n\t\t\t\t\t\t\t\t<li >\n\t\t\t\t<a href=\"#tab-cont-435841a89aa1e8b5e1a52a967d0eb145-6\" data-toggle=\"tab\">\n\t\t\t\t\t\n\t\t\t\t\t\t\t\t\t\t<span>Calendar cursuri<\/span>\n\t\t\t\t<\/a>\n\t\t\t<\/li>\n\t\t\t\t\t\t<\/ul>\n\n\t<div class=\"tab-content clearfix\">\n\t\t\t\t\t<div id=\"tab-cont-435841a89aa1e8b5e1a52a967d0eb145-1\"\n\t\t\t     class=\"tab-pane fade in active\">\n\t\t\t\t\t\t\t\t\t<h5 class=\"tab-content-title\">Examenul de admitere la stagiu \u2013 sesiunea 26 \u2013 27 septembrie 2024<\/h5>\n\t\t\t\t\n\t\t\t\t\t\t\t\t\t<h1><a href=\"https:\/\/ceccar.ro\/ro\/?page_id=963\">Examenul de admitere la stagiu \u2013 sesiunea 26 \u2013 27 septembrie 2024<\/a><\/h1>\t\t\t\t\t\t\t<\/div>\n\t\t\t\t\t\t<div id=\"tab-cont-435841a89aa1e8b5e1a52a967d0eb145-2\"\n\t\t\t     class=\"tab-pane fade \">\n\t\t\t\t\n\t\t\t\t\t\t\t\t\t<header><a href=\"http:\/\/ceccarsalaj.ro\/ro\/wp-content\/uploads\/2018\/10\/regulament-acces.pdf\" target=\"_blank\" rel=\"noopener\">Regulament privind accesul la profesia de expert contabil \u015fi de contabil autorizat<\/a><\/header>\t\t\t\t\t\t\t<\/div>\n\t\t\t\t\t\t<div id=\"tab-cont-435841a89aa1e8b5e1a52a967d0eb145-3\"\n\t\t\t     class=\"tab-pane fade \">\n\t\t\t\t\n\t\t\t\t\t\t\t\t\t<ul><li><a href=\"https:\/\/ceccarsalaj.ro\/ro\/wp-content\/uploads\/2021\/09\/Programa-examen-admitere-stagiu-avizata-MF_-categoria-expert-contabil.pdf\" target=\"_blank\" rel=\"noopener\">Programa aferent\u0103 examenului de acces la stagiu \u00een vederea ob\u0163inerii calit\u0103\u0163ii de expert contabil\u00a0<\/a><\/li><li><a href=\"https:\/\/ceccarsalaj.ro\/ro\/wp-content\/uploads\/2021\/09\/Programa-examen-admitere-stagiu-avizata-MF_-categoria-contabil-autorizat.pdf\" target=\"_blank\" rel=\"noopener\">Programa aferent\u0103 examenului de acces la stagiu \u00een vederea ob\u0163inerii calit\u0103\u0163ii de contabil autorizat<\/a><\/li><\/ul>\t\t\t\t\t\t\t<\/div>\n\t\t\t\t\t\t<div id=\"tab-cont-435841a89aa1e8b5e1a52a967d0eb145-4\"\n\t\t\t     class=\"tab-pane fade \">\n\t\t\t\t\n\t\t\t\t\t\t\t\t\t<header><div role=\"navigation\"><nav id=\"fw-menu-primary\"><strong>Documentele necesare pentru inscriere sunt urmatoarele:<\/strong><\/p><p><strong>a) \u00censcrierea la examenul de admitere pentru profesia de expert contabil se face pe baza unei cereri tip (model la filiala), \u00eenso\u021bit\u0103 de urm\u0103toarele documente:<\/strong><br \/>\u2022 certificatul medical din care s\u0103 rezulte c\u0103 solicitantul are \u201ccapacitate de exerci\u021biu deplin\u0103\u201d (acesta trebuie s\u0103 fie valabil la momentul sus\u021binerii examenului);<br \/>\u2022 curriculum vitae;<br \/>\u2022 copie legalizat\u0103 de pe actul de studii, din care s\u0103 rezulte c\u0103 solicitantul are studii economice superioare cu diplom\u0103 de licen\u021b\u0103 recunoscut\u0103 de Ministerul Educa\u021biei Na\u021bionale;<br \/>\u2022 certificat de cazier judiciar cu termen de valabilitate neexpirat (acesta trebuie s\u0103 fie valabil la momentul sus\u021binerii examenului);<br \/>\u2022 copie certificat de nastere<br \/>\u2022 copie certificat de casatorie (daca este cazul)<br \/>\u2022 3 fotografii color tip buletin;<br \/>\u2022 dovada achit\u0103rii taxei de \u00eenscriere la examen \u00een cuantum de 175 Euro (c\/v \u00een lei la cursul BNR din ziua pl\u0103\u0163ii).<\/p><p><strong>b) \u00censcrierea la examenul de admitere pentru profesia de contabil autorizat se face pe baza unei cereri tip (model la filiala), \u00eenso\u021bit\u0103 de urm\u0103toarele documente:<\/strong><br \/>\u2022 certificatul medical din care s\u0103 rezulte c\u0103 solicitantul are \u201ccapacitate de exerci\u021biu deplin\u0103\u201d (acesta trebuie s\u0103 fie valabil la momentul sus\u021binerii examenului);<br \/>\u2022 curriculum vitae;<br \/>\u2022 copie legalizat\u0103 de pe actul de studii, din care s\u0103 rezulte c\u0103 solicitantul are studii medii, cu diplom\u0103 de bacalaureat, recunoscut\u0103 de Ministerul Educa\u021biei Na\u0163ionale;<br \/>\u2022 certificat de cazier judiciar cu termen de valabilitate neexpirat (acesta trebuie s\u0103 fie valabil la momentul sus\u021binerii examenului);<br \/>\u2022 copie certificat de nastere<br \/>\u2022 copie certificat de casatorie(daca este cazul)<br \/>\u2022 3 fotografii color tip buletin;<br \/>\u2022 dovada achit\u0103rii taxei de \u00eenscriere la examen \u00een cuantum de 125 Euro (c\/v \u00een lei la cursul BNR din ziua pl\u0103\u0163ii).<\/p><p>Actele trebuie prezentate \u00een ordinea men\u021bionat\u0103, \u00een dosar cu \u0219in\u0103, \u0219i se depun la Filiala CECCAR Braila, Bd. Al. I. Cuza nr. 3, cladire Ceprohart et. 5, Tel. 0239\/619817 pana cel tarziu 22 noiembrie 2019.<\/p><\/nav><\/div><\/header>\t\t\t\t\t\t\t<\/div>\n\t\t\t\t\t\t<div id=\"tab-cont-435841a89aa1e8b5e1a52a967d0eb145-5\"\n\t\t\t     class=\"tab-pane fade \">\n\t\t\t\t\n\t\t\t\t\t\t\t\t\t<p>https:\/\/ceccar.ro\/ro\/?page_id=963<\/p>\t\t\t\t\t\t\t<\/div>\n\t\t\t\t\t\t<div id=\"tab-cont-435841a89aa1e8b5e1a52a967d0eb145-6\"\n\t\t\t     class=\"tab-pane fade \">\n\t\t\t\t\n\t\t\t\t\t\t\t\t\t<header><div role=\"navigation\"><nav id=\"fw-menu-primary\"><header><header>Cursurile de preg\u0103tire pentru candida\u0163ii la Examenul de admitere la stagiu se organizeaza \u00een cadrul fillialelor teritoriale, \u00een functie de num\u0103rul de solicit\u0103ri din partea persoanelor interesate.<\/p><\/header><\/header><\/nav><\/div><\/header>\t\t\t\t\t\t\t<\/div>\n\t\t\t\t<\/div>\n<\/div><div class=\"fw-divider-space space-sm  clearfix\"  ><\/div>\t\t<\/div>\n\t<\/div>\n<\/div><\/div>\n\n\t<\/div>\n\t<\/section>\n","protected":false},"excerpt":{"rendered":"<p>Examenul de acces la stagiu Anun\u0163uri \u015fi nout\u0103\u0163i Regulament privind accesul la profesia de expert contabil \u015fi de contabil autorizat Programa aferent\u0103 examenului de acces la stagiu Dosarul de \u00eenscriere la examenul de acces la [&hellip;]<\/p>\n","protected":false},"author":11,"featured_media":0,"parent":288,"menu_order":0,"comment_status":"closed","ping_status":"closed","template":"visual-builder-template.php","meta":{"footnotes":""},"class_list":["post-572","page","type-page","status-publish","hentry"],"brizy_media":[],"_links":{"self":[{"href":"https:\/\/ceccarsalaj.ro\/ro\/wp-json\/wp\/v2\/pages\/572","targetHints":{"allow":["GET"]}}],"collection":[{"href":"https:\/\/ceccarsalaj.ro\/ro\/wp-json\/wp\/v2\/pages"}],"about":[{"href":"https:\/\/ceccarsalaj.ro\/ro\/wp-json\/wp\/v2\/types\/page"}],"author":[{"embeddable":true,"href":"https:\/\/ceccarsalaj.ro\/ro\/wp-json\/wp\/v2\/users\/11"}],"replies":[{"embeddable":true,"href":"https:\/\/ceccarsalaj.ro\/ro\/wp-json\/wp\/v2\/comments?post=572"}],"version-history":[{"count":34,"href":"https:\/\/ceccarsalaj.ro\/ro\/wp-json\/wp\/v2\/pages\/572\/revisions"}],"predecessor-version":[{"id":8301,"href":"https:\/\/ceccarsalaj.ro\/ro\/wp-json\/wp\/v2\/pages\/572\/revisions\/8301"}],"up":[{"embeddable":true,"href":"https:\/\/ceccarsalaj.ro\/ro\/wp-json\/wp\/v2\/pages\/288"}],"wp:attachment":[{"href":"https:\/\/ceccarsalaj.ro\/ro\/wp-json\/wp\/v2\/media?parent=572"}],"curies":[{"name":"wp","href":"https:\/\/api.w.org\/{rel}","templated":true}]}}